{"id":1169,"date":"2018-01-05T14:45:45","date_gmt":"2018-01-05T13:45:45","guid":{"rendered":"http:\/\/sbs-stanzprodukte.de\/home\/"},"modified":"2018-11-12T12:32:03","modified_gmt":"2018-11-12T11:32:03","slug":"home","status":"publish","type":"page","link":"https:\/\/sbs-stanzprodukte.de\/en\/","title":{"rendered":"home"},"content":{"rendered":"<p><div class=\"fusion-fullwidth fullwidth-box fusion-builder-row-1 nonhundred-percent-fullwidth non-hundred-percent-height-scrolling\" style=\"--awb-border-radius-top-left:0px;--awb-border-radius-top-right:0px;--awb-border-radius-bottom-right:0px;--awb-border-radius-bottom-left:0px;--awb-padding-top:20px;--awb-padding-bottom:0px;--awb-margin-bottom:0px;--awb-flex-wrap:wrap;\" ><div class=\"fusion-builder-row fusion-row\"><div class=\"fusion-layout-column fusion_builder_column fusion-builder-column-0 fusion_builder_column_1_1 1_1 fusion-one-full fusion-column-first fusion-column-last\" style=\"--awb-bg-size:cover;\"><div class=\"fusion-column-wrapper fusion-flex-column-wrapper-legacy\"><div class=\"fusion-sep-clear\"><\/div><div class=\"fusion-separator fusion-full-width-sep\" style=\"margin-left: auto;margin-right: auto;margin-top:5px;width:100%;\"><\/div><div class=\"fusion-sep-clear\"><\/div><div class=\"fusion-text fusion-text-1\"><h1 style=\"text-align: center;\">SBS-Stanzprodukte<br \/>\nYour expert partner for high-precision stamped parts and tools<\/h1>\n<\/div><div class=\"fusion-clearfix\"><\/div><\/div><\/div><\/div><\/div><div class=\"fusion-fullwidth fullwidth-box fusion-builder-row-2 nonhundred-percent-fullwidth non-hundred-percent-height-scrolling\" style=\"--awb-border-radius-top-left:0px;--awb-border-radius-top-right:0px;--awb-border-radius-bottom-right:0px;--awb-border-radius-bottom-left:0px;--awb-padding-top:20px;--awb-padding-bottom:50px;--awb-flex-wrap:wrap;\" ><div class=\"fusion-builder-row fusion-row\"><div class=\"fusion-layout-column fusion_builder_column fusion-builder-column-1 fusion_builder_column_1_3 1_3 fusion-one-third fusion-column-first graue-box\" style=\"--awb-padding-top:20px;--awb-padding-right:20px;--awb-padding-left:20px;--awb-bg-color:#f2f5f8;--awb-bg-color-hover:#f2f5f8;--awb-bg-size:cover;width:33.333333333333%;width:calc(33.333333333333% - ( ( 3px + 3px ) * 0.33333333333333 ) );margin-right: 3px;\"><div class=\"fusion-column-wrapper fusion-flex-column-wrapper-legacy\"><div class=\"fusion-content-boxes content-boxes columns row fusion-columns-1 fusion-columns-total-1 fusion-content-boxes-1 content-boxes-icon-on-top content-left button-same-1\" style=\"--awb-hover-accent-color:#27348b;--awb-circle-hover-accent-color:transparent;--awb-item-margin-bottom:40px;\" data-animationOffset=\"top-into-view\"><div style=\"--awb-backgroundcolor:rgba(255,255,255,0);\" class=\"fusion-column content-box-column content-box-column content-box-column-1 col-lg-12 col-md-12 col-sm-12 fusion-content-box-hover content-box-column-last content-box-column-last-in-row\"><div class=\"col content-box-wrapper content-wrapper link-area-link-icon link-type-button icon-hover-animation-fade\" data-animationOffset=\"top-into-view\"><div class=\"heading heading-with-icon icon-left\"><a class=\"heading-link\" href=\"\/en\/product-and-process-development\" target=\"_self\"><div aria-hidden=\"true\" class=\"image\"><img decoding=\"async\" src=\"http:\/\/sbs-stanzprodukte.de\/wp-content\/uploads\/2018\/01\/icon_stanztechnik.png\" width=\"35\" height=\"35\" alt=\"\" \/><\/div><h2 class=\"content-box-heading\" style=\"--h2_typography-font-size:22px;line-height:27px;\">Product and process development<\/h2><\/a><\/div><div class=\"fusion-clearfix\"><\/div><div class=\"content-container\">\n<p>We are more than your supplier &#8211; at SBS-Stanzprodukte we support you as a system partner throughout the entire process. Starting from the design and planning right through to production.<\/p>\n<div class=\"fusion-sep-clear\"><\/div><div class=\"fusion-separator fusion-full-width-sep\" style=\"margin-left: auto;margin-right: auto;margin-top:25px;width:100%;\"><\/div><div class=\"fusion-sep-clear\"><\/div>\n<\/div><div class=\"fusion-clearfix\"><\/div><a class=\"fusion-read-more-button fusion-content-box-button fusion-button button-default fusion-button-default-size button- button-flat\" href=\"\/en\/product-and-process-development\" target=\"_self\"><span class=\"fusion-button-text\">find out more<\/span><\/a><div class=\"fusion-clearfix\"><\/div><\/div><\/div><div class=\"fusion-clearfix\"><\/div><\/div><div class=\"fusion-clearfix\"><\/div><\/div><\/div><div class=\"fusion-layout-column fusion_builder_column fusion-builder-column-2 fusion_builder_column_1_3 1_3 fusion-one-third graue-box\" style=\"--awb-padding-top:20px;--awb-padding-right:20px;--awb-padding-left:20px;--awb-bg-color:#f2f5f8;--awb-bg-color-hover:#f2f5f8;--awb-bg-size:cover;width:33.333333333333%;width:calc(33.333333333333% - ( ( 3px + 3px ) * 0.33333333333333 ) );margin-right: 3px;\"><div class=\"fusion-column-wrapper fusion-flex-column-wrapper-legacy\"><div class=\"fusion-content-boxes content-boxes columns row fusion-columns-1 fusion-columns-total-1 fusion-content-boxes-2 content-boxes-icon-on-top content-left button-same-2\" style=\"--awb-hover-accent-color:#27348b;--awb-circle-hover-accent-color:transparent;--awb-item-margin-bottom:40px;\" data-animationOffset=\"top-into-view\"><div style=\"--awb-backgroundcolor:rgba(255,255,255,0);\" class=\"fusion-column content-box-column content-box-column content-box-column-1 col-lg-12 col-md-12 col-sm-12 fusion-content-box-hover content-box-column-last content-box-column-last-in-row\"><div class=\"col content-box-wrapper content-wrapper link-area-link-icon link-type-button icon-hover-animation-fade\" data-animationOffset=\"top-into-view\"><div class=\"heading heading-with-icon icon-left\"><a class=\"heading-link\" href=\"\/en\/toolmaking\/\" target=\"_self\"><div aria-hidden=\"true\" class=\"image\"><img decoding=\"async\" src=\"http:\/\/sbs-stanzprodukte.de\/wp-content\/uploads\/2018\/01\/icon_werkzeugbau-1.png\" width=\"35\" height=\"35\" alt=\"\" \/><\/div><h2 class=\"content-box-heading\" style=\"--h2_typography-font-size:22px;line-height:27px;\">Toolmaking<\/h2><\/a><\/div><div class=\"fusion-clearfix\"><\/div><div class=\"content-container\">\n<div class=\"fusion-sep-clear\"><\/div><div class=\"fusion-separator fusion-full-width-sep\" style=\"margin-left: auto;margin-right: auto;margin-top:25px;width:100%;\"><\/div><div class=\"fusion-sep-clear\"><\/div>\n<p>We manufacture self-developed tools and progressive tools in our toolshop to meet your requirements, be it for a prototype or series production.<\/p>\n<div class=\"fusion-sep-clear\"><\/div><div class=\"fusion-separator fusion-full-width-sep\" style=\"margin-left: auto;margin-right: auto;margin-top:50px;width:100%;\"><\/div><div class=\"fusion-sep-clear\"><\/div>\n<\/div><div class=\"fusion-clearfix\"><\/div><a class=\"fusion-read-more-button fusion-content-box-button fusion-button button-default fusion-button-default-size button- button-flat\" href=\"\/en\/toolmaking\/\" target=\"_self\"><span class=\"fusion-button-text\">find out more<\/span><\/a><div class=\"fusion-clearfix\"><\/div><\/div><\/div><div class=\"fusion-clearfix\"><\/div><\/div><div class=\"fusion-clearfix\"><\/div><\/div><\/div><div class=\"fusion-layout-column fusion_builder_column fusion-builder-column-3 fusion_builder_column_1_3 1_3 fusion-one-third fusion-column-last graue-box\" style=\"--awb-padding-top:20px;--awb-padding-right:20px;--awb-padding-left:20px;--awb-bg-color:#f2f5f8;--awb-bg-color-hover:#f2f5f8;--awb-bg-size:cover;width:33.333333333333%;width:calc(33.333333333333% - ( ( 3px + 3px ) * 0.33333333333333 ) );\"><div class=\"fusion-column-wrapper fusion-flex-column-wrapper-legacy\"><div class=\"fusion-content-boxes content-boxes columns row fusion-columns-1 fusion-columns-total-1 fusion-content-boxes-3 content-boxes-icon-on-top content-left button-same-3\" style=\"--awb-hover-accent-color:#27348b;--awb-circle-hover-accent-color:transparent;--awb-item-margin-bottom:40px;\" data-animationOffset=\"top-into-view\"><div style=\"--awb-backgroundcolor:rgba(255,255,255,0);\" class=\"fusion-column content-box-column content-box-column content-box-column-1 col-lg-12 col-md-12 col-sm-12 fusion-content-box-hover content-box-column-last content-box-column-last-in-row\"><div class=\"col content-box-wrapper content-wrapper link-area-link-icon link-type-button icon-hover-animation-fade\" data-animationOffset=\"top-into-view\"><div class=\"heading heading-with-icon icon-left\"><a class=\"heading-link\" href=\"\/en\/stamping-technology\/\" target=\"_self\"><div aria-hidden=\"true\" class=\"image\"><img decoding=\"async\" src=\"http:\/\/sbs-stanzprodukte.de\/wp-content\/uploads\/2018\/01\/icon_serienfertigung.png\" width=\"35\" height=\"35\" alt=\"\" \/><\/div><h2 class=\"content-box-heading\" style=\"--h2_typography-font-size:22px;line-height:27px;\">Stamping technology<\/h2><\/a><\/div><div class=\"fusion-clearfix\"><\/div><div class=\"content-container\">\n<div class=\"fusion-sep-clear\"><\/div><div class=\"fusion-separator fusion-full-width-sep\" style=\"margin-left: auto;margin-right: auto;margin-top:25px;width:100%;\"><\/div><div class=\"fusion-sep-clear\"><\/div>\n<p>In our stamping workshop, we manufacture stamped parts with the utmost precision for electrical contacts, as well as technically sophisticated stamped parts in particular. We stamp products in small quantities or large volumes according to your needs.<\/p>\n<\/div><div class=\"fusion-clearfix\"><\/div><a class=\"fusion-read-more-button fusion-content-box-button fusion-button button-default fusion-button-default-size button- button-flat\" href=\"\/en\/stamping-technology\/\" target=\"_self\"><span class=\"fusion-button-text\">find out more<\/span><\/a><div class=\"fusion-clearfix\"><\/div><\/div><\/div><div class=\"fusion-clearfix\"><\/div><\/div><div class=\"fusion-clearfix\"><\/div><\/div><\/div><\/div><\/div><div class=\"fusion-fullwidth fullwidth-box fusion-builder-row-3 nonhundred-percent-fullwidth non-hundred-percent-height-scrolling\" style=\"--awb-border-radius-top-left:0px;--awb-border-radius-top-right:0px;--awb-border-radius-bottom-right:0px;--awb-border-radius-bottom-left:0px;--awb-padding-top:50px;--awb-padding-bottom:50px;--awb-flex-wrap:wrap;\" ><div class=\"fusion-builder-row fusion-row\"><div class=\"fusion-layout-column fusion_builder_column fusion-builder-column-4 fusion_builder_column_1_2 1_2 fusion-one-half fusion-column-first\" style=\"--awb-bg-size:cover;--awb-margin-top:50px;width:50%;width:calc(50% - ( ( 4% ) * 0.5 ) );margin-right: 4%;\"><div class=\"fusion-column-wrapper fusion-flex-column-wrapper-legacy\"><div class=\"fusion-sep-clear\"><\/div><div class=\"fusion-separator fusion-no-small-visibility fusion-full-width-sep\" style=\"margin-left: auto;margin-right: auto;margin-top:60px;width:100%;\"><\/div><div class=\"fusion-sep-clear\"><\/div><div class=\"fusion-text fusion-text-2\"><p><strong>About SBS-Stanzprodukte<\/strong><\/p>\n<p>We have been developing tailored tools and precision stamped parts for our customers since the company was founded in 1979. We are not only experts in manufacturing technically sophisticated tools, but also specialists in annular contacts, and supply renowned manufacturers of circular connectors with our products. We are innovative and future-oriented, which allows us to offer our customers the best possible solutions.<\/p>\n<p>Sustainability and security are the focus of our work. This is the only way to guarantee holistic, sustainable processes for our customers.<\/p>\n<\/div><div class=\"fusion-alignleft\"><a class=\"fusion-button button-flat fusion-button-default-size button-custom fusion-button-default button-1 fusion-button-default-span fusion-button-default-type\" style=\"--button_accent_color:#ffffff;--button_accent_hover_color:#ffffff;--button_border_hover_color:#ffffff;--button_gradient_top_color:#27348b;--button_gradient_bottom_color:#27348b;--button_gradient_top_color_hover:#1d53aa;--button_gradient_bottom_color_hover:#1d53aa;\" target=\"_self\" href=\"\/en\/value\/\"><span class=\"fusion-button-text awb-button__text awb-button__text--default\">find out more<\/span><\/a><\/div><div class=\"fusion-clearfix\"><\/div><\/div><\/div><div class=\"fusion-layout-column fusion_builder_column fusion-builder-column-5 fusion_builder_column_1_2 1_2 fusion-one-half fusion-column-last\" style=\"--awb-bg-size:cover;width:50%;width:calc(50% - ( ( 4% ) * 0.5 ) );\"><div class=\"fusion-column-wrapper fusion-flex-column-wrapper-legacy\"><div class=\"fusion-image-element in-legacy-container\" style=\"--awb-caption-title-font-family:var(--h2_typography-font-family);--awb-caption-title-font-weight:var(--h2_typography-font-weight);--awb-caption-title-font-style:var(--h2_typography-font-style);--awb-caption-title-size:var(--h2_typography-font-size);--awb-caption-title-transform:var(--h2_typography-text-transform);--awb-caption-title-line-height:var(--h2_typography-line-height);--awb-caption-title-letter-spacing:var(--h2_typography-letter-spacing);\"><span class=\" fusion-imageframe imageframe-none imageframe-1 hover-type-none\"><img decoding=\"async\" width=\"400\" height=\"515\" alt=\"SBS stamp products\" src=\"http:\/\/sbs-stanzprodukte.de\/wp-content\/uploads\/2018\/06\/rundkontakte-1.png\" class=\"img-responsive wp-image-1351\" srcset=\"https:\/\/sbs-stanzprodukte.de\/wp-content\/uploads\/2018\/06\/rundkontakte-1-200x258.png 200w, https:\/\/sbs-stanzprodukte.de\/wp-content\/uploads\/2018\/06\/rundkontakte-1.png 400w\" sizes=\"(max-width: 800px) 100vw, 400px\" \/><\/span><\/div><div class=\"fusion-clearfix\"><\/div><\/div><\/div><\/div><\/div><\/p>\n","protected":false},"excerpt":{"rendered":"","protected":false},"author":1,"featured_media":0,"parent":0,"menu_order":0,"comment_status":"closed","ping_status":"closed","template":"100-width.php","meta":{"pgc_sgb_lightbox_settings":"","footnotes":""},"class_list":["post-1169","page","type-page","status-publish","hentry"],"yoast_head":"<!-- This site is optimized with the Yoast SEO plugin v27.3 - https:\/\/yoast.com\/product\/yoast-seo-wordpress\/ -->\n<title>Hochpr\u00e4zise Stanzteile und Werkzeuge - SBS-Stanzprodukte<\/title>\n<meta name=\"description\" content=\"Ihr kompetenter Partner f\u00fcr hochpr\u00e4zise Stanzteile und Werkzeuge f\u00fcr elektrische Kontakte, angefangen vom Prototyp bis hin zur Serienproduktion.\" \/>\n<meta name=\"robots\" content=\"index, follow, max-snippet:-1, max-image-preview:large, max-video-preview:-1\" \/>\n<link rel=\"canonical\" href=\"https:\/\/sbs-stanzprodukte.de\/en\/\" \/>\n<meta property=\"og:locale\" content=\"en_US\" \/>\n<meta property=\"og:type\" content=\"article\" \/>\n<meta property=\"og:title\" content=\"Hochpr\u00e4zise Stanzteile und Werkzeuge - SBS-Stanzprodukte\" \/>\n<meta property=\"og:description\" content=\"Ihr kompetenter Partner f\u00fcr hochpr\u00e4zise Stanzteile und Werkzeuge f\u00fcr elektrische Kontakte, angefangen vom Prototyp bis hin zur Serienproduktion.\" \/>\n<meta property=\"og:url\" content=\"https:\/\/sbs-stanzprodukte.de\/en\/\" \/>\n<meta property=\"og:site_name\" content=\"SBS-Stanzprodukte\" \/>\n<meta property=\"article:modified_time\" content=\"2018-11-12T11:32:03+00:00\" \/>\n<meta name=\"twitter:card\" content=\"summary_large_image\" \/>\n<meta name=\"twitter:label1\" content=\"Est. reading time\" \/>\n\t<meta name=\"twitter:data1\" content=\"9 minutes\" \/>\n<script type=\"application\/ld+json\" class=\"yoast-schema-graph\">{\"@context\":\"https:\\\/\\\/schema.org\",\"@graph\":[{\"@type\":\"WebPage\",\"@id\":\"https:\\\/\\\/sbs-stanzprodukte.de\\\/en\\\/\",\"url\":\"https:\\\/\\\/sbs-stanzprodukte.de\\\/en\\\/\",\"name\":\"Hochpr\u00e4zise Stanzteile und Werkzeuge - SBS-Stanzprodukte\",\"isPartOf\":{\"@id\":\"https:\\\/\\\/sbs-stanzprodukte.de\\\/#website\"},\"datePublished\":\"2018-01-05T13:45:45+00:00\",\"dateModified\":\"2018-11-12T11:32:03+00:00\",\"description\":\"Ihr kompetenter Partner f\u00fcr hochpr\u00e4zise Stanzteile und Werkzeuge f\u00fcr elektrische Kontakte, angefangen vom Prototyp bis hin zur Serienproduktion.\",\"breadcrumb\":{\"@id\":\"https:\\\/\\\/sbs-stanzprodukte.de\\\/en\\\/#breadcrumb\"},\"inLanguage\":\"en-US\",\"potentialAction\":[{\"@type\":\"ReadAction\",\"target\":[\"https:\\\/\\\/sbs-stanzprodukte.de\\\/en\\\/\"]}]},{\"@type\":\"BreadcrumbList\",\"@id\":\"https:\\\/\\\/sbs-stanzprodukte.de\\\/en\\\/#breadcrumb\",\"itemListElement\":[{\"@type\":\"ListItem\",\"position\":1,\"name\":\"Startseite\",\"item\":\"https:\\\/\\\/sbs-stanzprodukte.de\\\/en\\\/\"},{\"@type\":\"ListItem\",\"position\":2,\"name\":\"home\"}]},{\"@type\":\"WebSite\",\"@id\":\"https:\\\/\\\/sbs-stanzprodukte.de\\\/#website\",\"url\":\"https:\\\/\\\/sbs-stanzprodukte.de\\\/\",\"name\":\"SBS-Stanzprodukte\",\"description\":\"Hochpr\u00e4zise Stanzteile und Werkzeuge\",\"potentialAction\":[{\"@type\":\"SearchAction\",\"target\":{\"@type\":\"EntryPoint\",\"urlTemplate\":\"https:\\\/\\\/sbs-stanzprodukte.de\\\/?s={search_term_string}\"},\"query-input\":{\"@type\":\"PropertyValueSpecification\",\"valueRequired\":true,\"valueName\":\"search_term_string\"}}],\"inLanguage\":\"en-US\"}]}<\/script>\n<!-- \/ Yoast SEO plugin. -->","yoast_head_json":{"title":"Hochpr\u00e4zise Stanzteile und Werkzeuge - SBS-Stanzprodukte","description":"Ihr kompetenter Partner f\u00fcr hochpr\u00e4zise Stanzteile und Werkzeuge f\u00fcr elektrische Kontakte, angefangen vom Prototyp bis hin zur Serienproduktion.","robots":{"index":"index","follow":"follow","max-snippet":"max-snippet:-1","max-image-preview":"max-image-preview:large","max-video-preview":"max-video-preview:-1"},"canonical":"https:\/\/sbs-stanzprodukte.de\/en\/","og_locale":"en_US","og_type":"article","og_title":"Hochpr\u00e4zise Stanzteile und Werkzeuge - SBS-Stanzprodukte","og_description":"Ihr kompetenter Partner f\u00fcr hochpr\u00e4zise Stanzteile und Werkzeuge f\u00fcr elektrische Kontakte, angefangen vom Prototyp bis hin zur Serienproduktion.","og_url":"https:\/\/sbs-stanzprodukte.de\/en\/","og_site_name":"SBS-Stanzprodukte","article_modified_time":"2018-11-12T11:32:03+00:00","twitter_card":"summary_large_image","twitter_misc":{"Est. reading time":"9 minutes"},"schema":{"@context":"https:\/\/schema.org","@graph":[{"@type":"WebPage","@id":"https:\/\/sbs-stanzprodukte.de\/en\/","url":"https:\/\/sbs-stanzprodukte.de\/en\/","name":"Hochpr\u00e4zise Stanzteile und Werkzeuge - SBS-Stanzprodukte","isPartOf":{"@id":"https:\/\/sbs-stanzprodukte.de\/#website"},"datePublished":"2018-01-05T13:45:45+00:00","dateModified":"2018-11-12T11:32:03+00:00","description":"Ihr kompetenter Partner f\u00fcr hochpr\u00e4zise Stanzteile und Werkzeuge f\u00fcr elektrische Kontakte, angefangen vom Prototyp bis hin zur Serienproduktion.","breadcrumb":{"@id":"https:\/\/sbs-stanzprodukte.de\/en\/#breadcrumb"},"inLanguage":"en-US","potentialAction":[{"@type":"ReadAction","target":["https:\/\/sbs-stanzprodukte.de\/en\/"]}]},{"@type":"BreadcrumbList","@id":"https:\/\/sbs-stanzprodukte.de\/en\/#breadcrumb","itemListElement":[{"@type":"ListItem","position":1,"name":"Startseite","item":"https:\/\/sbs-stanzprodukte.de\/en\/"},{"@type":"ListItem","position":2,"name":"home"}]},{"@type":"WebSite","@id":"https:\/\/sbs-stanzprodukte.de\/#website","url":"https:\/\/sbs-stanzprodukte.de\/","name":"SBS-Stanzprodukte","description":"Hochpr\u00e4zise Stanzteile und Werkzeuge","potentialAction":[{"@type":"SearchAction","target":{"@type":"EntryPoint","urlTemplate":"https:\/\/sbs-stanzprodukte.de\/?s={search_term_string}"},"query-input":{"@type":"PropertyValueSpecification","valueRequired":true,"valueName":"search_term_string"}}],"inLanguage":"en-US"}]}},"_links":{"self":[{"href":"https:\/\/sbs-stanzprodukte.de\/en\/wp-json\/wp\/v2\/pages\/1169","targetHints":{"allow":["GET"]}}],"collection":[{"href":"https:\/\/sbs-stanzprodukte.de\/en\/wp-json\/wp\/v2\/pages"}],"about":[{"href":"https:\/\/sbs-stanzprodukte.de\/en\/wp-json\/wp\/v2\/types\/page"}],"author":[{"embeddable":true,"href":"https:\/\/sbs-stanzprodukte.de\/en\/wp-json\/wp\/v2\/users\/1"}],"replies":[{"embeddable":true,"href":"https:\/\/sbs-stanzprodukte.de\/en\/wp-json\/wp\/v2\/comments?post=1169"}],"version-history":[{"count":11,"href":"https:\/\/sbs-stanzprodukte.de\/en\/wp-json\/wp\/v2\/pages\/1169\/revisions"}],"predecessor-version":[{"id":1431,"href":"https:\/\/sbs-stanzprodukte.de\/en\/wp-json\/wp\/v2\/pages\/1169\/revisions\/1431"}],"wp:attachment":[{"href":"https:\/\/sbs-stanzprodukte.de\/en\/wp-json\/wp\/v2\/media?parent=1169"}],"curies":[{"name":"wp","href":"https:\/\/api.w.org\/{rel}","templated":true}]}}